{"id":18264,"date":"2025-09-16T12:05:10","date_gmt":"2025-09-16T16:05:10","guid":{"rendered":"https:\/\/webylb.ylb.gob.bo\/?page_id=18264"},"modified":"2025-09-16T18:08:41","modified_gmt":"2025-09-16T22:08:41","slug":"contratos-y-alianzas-que-impulsan-el-litio","status":"publish","type":"page","link":"https:\/\/www.ylb.gob.bo\/index.php\/contratos-y-alianzas-que-impulsan-el-litio\/","title":{"rendered":"CONTRATOS Y ALIANZAS QUE IMPULSAN EL LITIO"},"content":{"rendered":"\n<p>Acuerdos transparentes y estrat\u00e9gicos para acelerar la industrializaci\u00f3n con beneficio para Bolivia.<\/p>\n\n\n\n<figure class=\"wp-block-embed is-type-video is-provider-youtube wp-block-embed-youtube wp-embed-aspect-16-9 wp-has-aspect-ratio\"><div class=\"wp-block-embed__wrapper\">\n<iframe loading=\"lazy\" title=\"\u00bfQui\u00e9n es qui\u00e9n en los contratos del litio?\" width=\"500\" height=\"281\" src=\"https:\/\/www.youtube.com\/embed\/IhxkJy8soJ4?feature=oembed\" frameborder=\"0\" allow=\"accelerometer; autoplay; clipboard-write; encrypted-media; gyroscope; picture-in-picture; web-share\" referrerpolicy=\"strict-origin-when-cross-origin\" allowfullscreen><\/iframe>\n<\/div><\/figure>\n\n\n\n<!-- CONTRATOS DE LITIO (con QR hacia los PDFs) -->\n<section class=\"ylb-contracts ylb-brand\">\n  <!-- Card: HONG KONG CBC -->\n  <article class=\"ylb-contract\">\n    <div class=\"ylb-ctt-copy\">\n      <span class=\"ylb-pill\">Transparencia \u00b7 EPNE-YLB<\/span>\n      <h2 class=\"ylb-ctt-title\">Contrato de Litio <br> HONG KONG CBC<\/h2>\n      <p class=\"ylb-ctt-sub\">Acceso directo al documento completo: ver en l\u00ednea o descargar. Incluimos un c\u00f3digo QR para consulta inmediata.<\/p>\n      <div class=\"ylb-cta\">\n        <a class=\"ylb-btn ylb-btn-primary\"\n           target=\"_blank\" rel=\"noopener\"\n           href=\"https:\/\/www.ylb.gob.bo\/wp-content\/uploads\/2025\/09\/Contrato-CBC.pdf#view=FitH\"\n           data-contract-url=\"https:\/\/www.ylb.gob.bo\/wp-content\/uploads\/2025\/09\/Contrato-CBC.pdf#view=FitH\">\n          Ver en l\u00ednea\n        <\/a>\n        <a class=\"ylb-btn\" download\n           href=\"https:\/\/www.ylb.gob.bo\/wp-content\/uploads\/2025\/09\/Contrato-CBC.pdf\">\n          Descargar PDF\n        <\/a>\n      <\/div>\n    <\/div>\n\n    <div class=\"ylb-ctt-art\" aria-hidden=\"false\">\n      <div class=\"ylb-qr-card\">\n        <img class=\"ylb-qr-img\"\n             alt=\"QR para abrir el contrato HONG KONG CBC\"\n             data-qr-for=\"https:\/\/www.ylb.gob.bo\/wp-content\/uploads\/2025\/09\/Contrato-CBC.pdf#view=FitH\" \/>\n        <div class=\"ylb-qr-caption\">Escan\u00e9ame para leer el contrato<\/div>\n      <\/div>\n    <\/div>\n\n    <!-- Visor embebido (opcional) -->\n    <details class=\"ylb-embed\">\n      <summary>Ver este contrato dentro de la p\u00e1gina<\/summary>\n      <div class=\"ylb-iframe-wrap\">\n        <iframe\n          src=\"https:\/\/www.ylb.gob.bo\/wp-content\/uploads\/2025\/09\/Contrato-CBC.pdf#view=FitH\"\n          loading=\"lazy\" title=\"Contrato de Litio \u2014 HONG KONG CBC (PDF)\"><\/iframe>\n      <\/div>\n    <\/details>\n  <\/article>\n\n  <!-- Card: URANIUM ONE GROUP -->\n  <article class=\"ylb-contract\">\n    <div class=\"ylb-ctt-copy\">\n      <span class=\"ylb-pill\">Transparencia \u00b7 EPNE-YLB<\/span>\n      <h2 class=\"ylb-ctt-title\">Contrato de Litio <br> URANIUM ONE GROUP<\/h2>\n      <p class=\"ylb-ctt-sub\">Documento oficial disponible al p\u00fablico. Consulta el PDF completo o desc\u00e1rgalo. El QR facilita el acceso desde dispositivos m\u00f3viles.<\/p>\n      <div class=\"ylb-cta\">\n        <a class=\"ylb-btn ylb-btn-primary\"\n           target=\"_blank\" rel=\"noopener\"\n           href=\"https:\/\/www.ylb.gob.bo\/wp-content\/uploads\/2025\/09\/Contrato-Uranium.pdf#view=FitH\"\n           data-contract-url=\"https:\/\/www.ylb.gob.bo\/wp-content\/uploads\/2025\/09\/Contrato-Uranium.pdf#view=FitH\">\n          Ver en l\u00ednea\n        <\/a>\n        <a class=\"ylb-btn\" download\n           href=\"https:\/\/www.ylb.gob.bo\/wp-content\/uploads\/2025\/09\/Contrato-Uranium.pdf\">\n          Descargar PDF\n        <\/a>\n      <\/div>\n    <\/div>\n\n    <div class=\"ylb-ctt-art\" aria-hidden=\"false\">\n      <div class=\"ylb-qr-card\">\n        <img class=\"ylb-qr-img\"\n             alt=\"QR para abrir el contrato URANIUM ONE GROUP\"\n             data-qr-for=\"https:\/\/www.ylb.gob.bo\/wp-content\/uploads\/2025\/09\/Contrato-Uranium.pdf#view=FitH\" \/>\n        <div class=\"ylb-qr-caption\">Escan\u00e9ame para leer el contrato<\/div>\n      <\/div>\n    <\/div>\n\n    <!-- Visor embebido (opcional) -->\n    <details class=\"ylb-embed\">\n      <summary>Ver este contrato dentro de la p\u00e1gina<\/summary>\n      <div class=\"ylb-iframe-wrap\">\n        <iframe\n          src=\"https:\/\/www.ylb.gob.bo\/wp-content\/uploads\/2025\/09\/Contrato-Uranium.pdf#view=FitH\"\n          loading=\"lazy\" title=\"Contrato de Litio \u2014 URANIUM ONE GROUP (PDF)\"><\/iframe>\n      <\/div>\n    <\/details>\n  <\/article>\n<\/section>\n\n<script>\n  \/\/ Genera QR a partir de los data-attributes (sin librer\u00edas externas)\n  \/\/ Servicio de imagen QR: api.qrserver.com (solo imagen, sin cookies ni JS de terceros)\n  (function(){\n    const imgs = document.querySelectorAll('.ylb-qr-img[data-qr-for]');\n    imgs.forEach(img => {\n      const url = img.getAttribute('data-qr-for');\n      const size = '260x260';\n      const margin = 2; \/\/ quiet zone\n      \/\/ Puedes cambiar por Google Chart Image API si prefieres:\n      \/\/ img.src = `https:\/\/chart.googleapis.com\/chart?cht=qr&chs=260x260&chld=L|1&chl=${encodeURIComponent(url)}`\n      img.src = `https:\/\/api.qrserver.com\/v1\/create-qr-code\/?size=${size}&margin=${margin}&data=${encodeURIComponent(url)}`;\n      img.decoding = 'async';\n      img.loading = 'lazy';\n    });\n\n    \/\/ Mant\u00e9n alineado el QR con el bot\u00f3n \"Ver en l\u00ednea\"\n    const links = document.querySelectorAll('.ylb-btn-primary[data-contract-url]');\n    links.forEach(a => {\n      a.addEventListener('click', (e) => {\n        \/\/ nada extra por ahora, pero aqu\u00ed podr\u00edas hacer m\u00e9tricas\n      });\n    });\n  })();\n<\/script>\n\n<style>\n  \/* ====== Paleta base (reutiliza la de productos) ====== *\/\n  .ylb-brand{\n    --ylb-blue:  #1b6a97;\n    --ylb-green: #7fc1af;\n    --ylb-navy:  #1b6a97;\n    --ylb-light: #f8fafc;\n    --ylb-border:#e5e7eb;\n    --ink-900:  #0f172a;\n    --ink-700:  #334155;\n    --ink-100:  #f1f5f9;\n    --shadow:   0 18px 40px rgba(2,6,23,.18);\n  }\n\n  .ylb-contracts{\n    display:grid; gap:20px;\n  }\n\n  .ylb-contract{\n    display:grid; gap:26px; align-items:center;\n    grid-template-columns: 1.4fr .9fr;\n    padding:28px;\n    border-radius:18px;\n    background:\n      radial-gradient(1000px 520px at -10% -20%, rgba(0,166,226,.18), transparent 60%),\n      radial-gradient(900px 500px at 120% 0%, rgba(0,200,83,.14), transparent 55%),\n      linear-gradient(135deg, #0f2747 0%, var(--ylb-navy) 50%, #143b2f 100%);\n    box-shadow: var(--shadow);\n    color:#fff;\n    border:1px solid rgba(255,255,255,.06);\n  }\n\n  .ylb-pill{\n    display:inline-block;background:#ffffff1a;border:1px solid #ffffff2e;color:#fff;\n    padding:6px 10px;border-radius:999px;font-size:12px;letter-spacing:.2px;margin-bottom:10px\n  }\n  .ylb-ctt-title{margin:0 0 8px;font-size:clamp(22px,3vw,34px);line-height:1.15;color:#fff}\n  .ylb-ctt-sub{margin:0 0 16px;opacity:.96;font-size:clamp(14px,1.5vw,16px)}\n  .ylb-cta{display:flex;gap:10px;flex-wrap:wrap}\n\n  .ylb-btn{\n    display:inline-block;padding:10px 14px;border-radius:10px;\n    border:1px solid var(--ylb-border); background:#ffffff; color:var(--ink-900);\n    text-decoration:none; font-weight:700; transition:transform .15s ease, box-shadow .15s ease;\n    box-shadow:0 6px 16px rgba(15,23,42,.08);\n  }\n  .ylb-btn:hover{transform:translateY(-1px)}\n\n  .ylb-btn-primary,\n  .ylb-btn-primary:visited{\n    background: var(--ylb-green);\n    border-color: var(--ylb-green);\n    color:#0b2331 !important;\n  }\n  .ylb-btn-primary:hover{ box-shadow:0 10px 24px rgba(100,188,161,.35) }\n\n  .ylb-ctt-art{display:flex;justify-content:center}\n\n  .ylb-qr-card{\n    width:min(320px,92%); padding:16px; border-radius:16px;\n    background:#ffffff; color:var(--ink-900);\n    box-shadow:0 12px 30px rgba(0,0,0,.25);\n    display:flex; flex-direction:column; align-items:center; gap:10px;\n    border:1px solid var(--ylb-border);\n  }\n  .ylb-qr-img{\n    width:100%; max-width:260px; height:auto; display:block;\n    border-radius:12px; border:6px solid #fff; box-shadow:0 6px 18px rgba(2,6,23,.18);\n    background:#fff;\n  }\n  .ylb-qr-caption{\n    font-size:13px; color:var(--ink-700); text-align:center;\n  }\n\n  .ylb-embed{margin-top:14px}\n  .ylb-embed summary{\n    cursor:pointer;padding:10px 12px;border-radius:10px;\n    background:var(--ylb-light);border:1px solid var(--ylb-border);\n    color:#0b2331;font-weight:600;\n  }\n  .ylb-iframe-wrap{\n    margin-top:12px;border:1px solid var(--ylb-border);border-radius:10px;overflow:hidden;background:#fff\n  }\n  .ylb-iframe-wrap iframe{width:100%;height:760px;border:0}\n\n  @media (max-width:1000px){\n    .ylb-contract{grid-template-columns:1fr}\n    .ylb-iframe-wrap iframe{height:560px}\n  }\n<\/style>\n","protected":false},"excerpt":{"rendered":"<p>Acuerdos transparentes y estrat\u00e9gicos para acelerar la industrializaci\u00f3n con beneficio para Bolivia. Transparencia \u00b7 EPNE-YLB Contrato de Litio HONG KONG CBC Acceso directo al documento completo: ver en l\u00ednea o descargar. Incluimos un c\u00f3digo QR para consulta inmediata. Ver en l\u00ednea Descargar PDF Escan\u00e9ame para leer el contrato Ver este contrato dentro de la p\u00e1gina [&hellip;]<\/p>\n","protected":false},"author":16,"featured_media":0,"parent":0,"menu_order":0,"comment_status":"closed","ping_status":"closed","template":"","meta":{"_acf_changed":false,"footnotes":""},"class_list":["post-18264","page","type-page","status-publish","hentry"],"acf":[],"_links":{"self":[{"href":"https:\/\/www.ylb.gob.bo\/index.php\/wp-json\/wp\/v2\/pages\/18264","targetHints":{"allow":["GET"]}}],"collection":[{"href":"https:\/\/www.ylb.gob.bo\/index.php\/wp-json\/wp\/v2\/pages"}],"about":[{"href":"https:\/\/www.ylb.gob.bo\/index.php\/wp-json\/wp\/v2\/types\/page"}],"author":[{"embeddable":true,"href":"https:\/\/www.ylb.gob.bo\/index.php\/wp-json\/wp\/v2\/users\/16"}],"replies":[{"embeddable":true,"href":"https:\/\/www.ylb.gob.bo\/index.php\/wp-json\/wp\/v2\/comments?post=18264"}],"version-history":[{"count":14,"href":"https:\/\/www.ylb.gob.bo\/index.php\/wp-json\/wp\/v2\/pages\/18264\/revisions"}],"predecessor-version":[{"id":18308,"href":"https:\/\/www.ylb.gob.bo\/index.php\/wp-json\/wp\/v2\/pages\/18264\/revisions\/18308"}],"wp:attachment":[{"href":"https:\/\/www.ylb.gob.bo\/index.php\/wp-json\/wp\/v2\/media?parent=18264"}],"curies":[{"name":"wp","href":"https:\/\/api.w.org\/{rel}","templated":true}]}}